{"id":145,"date":"2023-02-16T17:17:27","date_gmt":"2023-02-16T17:17:27","guid":{"rendered":"https:\/\/sensormedica.de\/?page_id=145"},"modified":"2024-01-04T08:51:14","modified_gmt":"2024-01-04T08:51:14","slug":"helpdesk","status":"publish","type":"page","link":"https:\/\/sensormedica.de\/de\/helpdesk\/","title":{"rendered":"Beratungsstelle"},"content":{"rendered":"<div data-elementor-type=\"wp-page\" data-elementor-id=\"145\" class=\"elementor elementor-145\" data-elementor-post-type=\"page\">\n\t\t\t\t\t\t<section class=\"elementor-section elementor-top-section elementor-element elementor-element-5ab58a5 elementor-section-height-min-height elementor-section-boxed elementor-section-height-default elementor-section-items-middle\" data-id=\"5ab58a5\" data-element_type=\"section\" data-settings=\"{&quot;background_background&quot;:&quot;classic&quot;}\">\n\t\t\t\t\t\t\t<div class=\"elementor-background-overlay\"><\/div>\n\t\t\t\t\t\t\t<div class=\"elementor-container elementor-column-gap-default\">\n\t\t\t\t\t<div class=\"elementor-column elementor-col-100 elementor-top-column elementor-element elementor-element-28f0a87\" data-id=\"28f0a87\" data-element_type=\"column\">\n\t\t\t<div class=\"elementor-widget-wrap elementor-element-populated\">\n\t\t\t\t\t\t<div class=\"elementor-element elementor-element-63d5fcd elementor-widget__width-initial elementor-widget elementor-widget-qi_addons_for_elementor_animated_text\" data-id=\"63d5fcd\" data-element_type=\"widget\" data-widget_type=\"qi_addons_for_elementor_animated_text.default\">\n\t\t\t\t<div class=\"elementor-widget-container\">\n\t\t\t<div class=\"qodef-shortcode qodef-m  qodef-qi-animated-text qodef--animated-by-word qodef--alignment-center qodef-qi--has-appear qodef--appear-from-bottom\" >\n\t\t<h2 class=\"qodef-m-title\">\n\t\t<span class=\"qodef-e-word\">BERATUNGSSTELLE<\/span>\t<\/h2>\n<\/div>\n\t\t<\/div>\n\t\t\t\t<\/div>\n\t\t\t\t\t<\/div>\n\t\t<\/div>\n\t\t\t\t\t<\/div>\n\t\t<\/section>\n\t\t\t\t<section class=\"elementor-section elementor-top-section elementor-element elementor-element-7858bfe elementor-hidden-widescreen elementor-hidden-desktop elementor-section-boxed elementor-section-height-default elementor-section-height-default\" data-id=\"7858bfe\" data-element_type=\"section\" data-settings=\"{&quot;background_background&quot;:&quot;classic&quot;}\">\n\t\t\t\t\t\t<div class=\"elementor-container elementor-column-gap-default\">\n\t\t\t\t\t<div class=\"elementor-column elementor-col-100 elementor-top-column elementor-element elementor-element-2c14a9c\" data-id=\"2c14a9c\" data-element_type=\"column\">\n\t\t\t<div class=\"elementor-widget-wrap elementor-element-populated\">\n\t\t\t\t\t\t<div class=\"elementor-element elementor-element-0e63391 elementor-widget elementor-widget-text-editor\" data-id=\"0e63391\" data-element_type=\"widget\" data-widget_type=\"text-editor.default\">\n\t\t\t\t<div class=\"elementor-widget-container\">\n\t\t\t\t\t\t\t<p>Erhalten Sie Hilfe f\u00fcr alle Ihre Sensor Medica-Produkte an einem Ort oder nehmen Sie Kontakt zu einem Experten auf. Unsere Techniker stehen Ihnen bei Fragen oder Bedenken zu unseren Produkten gerne zur Verf\u00fcgung. Bitte z\u00f6gern Sie nicht, uns \u00fcber unser Kontaktformular oder einen der unten verf\u00fcgbaren Kan\u00e4le zu kontaktieren.<\/p>\t\t\t\t\t\t<\/div>\n\t\t\t\t<\/div>\n\t\t\t\t\t<\/div>\n\t\t<\/div>\n\t\t\t\t\t<\/div>\n\t\t<\/section>\n\t\t\t\t<section class=\"elementor-section elementor-top-section elementor-element elementor-element-19743a8 elementor-hidden-tablet elementor-hidden-mobile elementor-hidden-laptop elementor-section-boxed elementor-section-height-default elementor-section-height-default\" data-id=\"19743a8\" data-element_type=\"section\" data-settings=\"{&quot;background_background&quot;:&quot;classic&quot;}\">\n\t\t\t\t\t\t<div class=\"elementor-container elementor-column-gap-default\">\n\t\t\t\t\t<div class=\"elementor-column elementor-col-100 elementor-top-column elementor-element elementor-element-5be9062\" data-id=\"5be9062\" data-element_type=\"column\">\n\t\t\t<div class=\"elementor-widget-wrap elementor-element-populated\">\n\t\t\t\t\t\t<section class=\"elementor-section elementor-inner-section elementor-element elementor-element-0d6ad34 elementor-section-boxed elementor-section-height-default elementor-section-height-default\" data-id=\"0d6ad34\" data-element_type=\"section\">\n\t\t\t\t\t\t<div class=\"elementor-container elementor-column-gap-default\">\n\t\t\t\t\t<div class=\"elementor-column elementor-col-100 elementor-inner-column elementor-element elementor-element-85c7642\" data-id=\"85c7642\" data-element_type=\"column\">\n\t\t\t<div class=\"elementor-widget-wrap elementor-element-populated\">\n\t\t\t\t\t\t<div class=\"elementor-element elementor-element-f56b0c5 elementor-widget-widescreen__width-initial elementor-widget elementor-widget-qi_addons_for_elementor_animated_text\" data-id=\"f56b0c5\" data-element_type=\"widget\" data-widget_type=\"qi_addons_for_elementor_animated_text.default\">\n\t\t\t\t<div class=\"elementor-widget-container\">\n\t\t\t<div class=\"qodef-shortcode qodef-m  qodef-qi-animated-text qodef--animated-by-word qodef--alignment-center qodef-qi--has-appear qodef--appear-from-bottom\" >\n\t\t<h2 class=\"qodef-m-title translation-block\"><span class=\"qodef-e-word\">Kundendienstzentrum<\/span> <span class=\"qodef-e-word\">_<\/span> <span class=\"qodef-e-word\">_<\/span><\/h2>\n<\/div>\n\t\t<\/div>\n\t\t\t\t<\/div>\n\t\t\t\t\t<\/div>\n\t\t<\/div>\n\t\t\t\t\t<\/div>\n\t\t<\/section>\n\t\t\t\t<div class=\"elementor-element elementor-element-1fefad3 elementor-widget elementor-widget-qi_addons_for_elementor_animated_text\" data-id=\"1fefad3\" data-element_type=\"widget\" data-widget_type=\"qi_addons_for_elementor_animated_text.default\">\n\t\t\t\t<div class=\"elementor-widget-container\">\n\t\t\t<div class=\"qodef-shortcode qodef-m  qodef-qi-animated-text   qodef-qi--has-appear qodef--appear-from-bottom\" >\n\t\t<p class=\"qodef-m-title\">\n\t\tHolen Sie sich Hilfe f\u00fcr alle Ihre Sensor Medica-Produkte an einem Ort. Unsere Techniker stehen Ihnen bei allen Fragen oder Bedenken zu unseren Produkten zur Verf\u00fcgung. Bitte z\u00f6gern Sie nicht, uns \u00fcber unser Kontaktformular oder einen der unten verf\u00fcgbaren Kan\u00e4le zu kontaktieren.\t<\/p>\n<\/div>\n\t\t<\/div>\n\t\t\t\t<\/div>\n\t\t\t\t\t<\/div>\n\t\t<\/div>\n\t\t\t\t\t<\/div>\n\t\t<\/section>\n\t\t\t\t<section class=\"elementor-section elementor-top-section elementor-element elementor-element-8819300 elementor-section-boxed elementor-section-height-default elementor-section-height-default\" data-id=\"8819300\" data-element_type=\"section\" data-settings=\"{&quot;background_background&quot;:&quot;classic&quot;}\">\n\t\t\t\t\t\t<div class=\"elementor-container elementor-column-gap-default\">\n\t\t\t\t\t<div class=\"elementor-column elementor-col-33 elementor-top-column elementor-element elementor-element-7d72d50\" data-id=\"7d72d50\" data-element_type=\"column\" data-settings=\"{&quot;background_background&quot;:&quot;classic&quot;}\">\n\t\t\t<div class=\"elementor-widget-wrap elementor-element-populated\">\n\t\t\t\t\t\t<div class=\"elementor-element elementor-element-a539282 elementor-view-framed elementor-shape-circle elementor-position-top elementor-mobile-position-top elementor-invisible elementor-widget elementor-widget-icon-box\" data-id=\"a539282\" data-element_type=\"widget\" data-settings=\"{&quot;_animation&quot;:&quot;fadeInUp&quot;,&quot;_animation_delay&quot;:0}\" data-widget_type=\"icon-box.default\">\n\t\t\t\t<div class=\"elementor-widget-container\">\n\t\t\t\t\t<div class=\"elementor-icon-box-wrapper\">\n\n\t\t\t\t\t\t<div class=\"elementor-icon-box-icon\">\n\t\t\t\t<a href=\"tel: 390774356165\" class=\"elementor-icon elementor-animation-grow\" tabindex=\"-1\">\n\t\t\t\t<i aria-hidden=\"true\" class=\"fas fa-phone-alt\"><\/i>\t\t\t\t<\/a>\n\t\t\t<\/div>\n\t\t\t\n\t\t\t\t\t\t<div class=\"elementor-icon-box-content\">\n\n\t\t\t\t\t\t\t\t\t<h3 class=\"elementor-icon-box-title\">\n\t\t\t\t\t\t<a href=\"tel: 390774356165\" >\n\t\t\t\t\t\t\tTelefon\t\t\t\t\t\t<\/a>\n\t\t\t\t\t<\/h3>\n\t\t\t\t\n\t\t\t\t\t\t\t\t\t<p class=\"elementor-icon-box-description\">\n\t\t\t\t\t\tFordern Sie den Ferneingriff eines Technikers an.\t\t\t\t\t<\/p>\n\t\t\t\t\n\t\t\t<\/div>\n\t\t\t\n\t\t<\/div>\n\t\t\t\t<\/div>\n\t\t\t\t<\/div>\n\t\t\t\t\t<\/div>\n\t\t<\/div>\n\t\t\t\t<div class=\"elementor-column elementor-col-33 elementor-top-column elementor-element elementor-element-478afa5\" data-id=\"478afa5\" data-element_type=\"column\" data-settings=\"{&quot;background_background&quot;:&quot;classic&quot;}\">\n\t\t\t<div class=\"elementor-widget-wrap elementor-element-populated\">\n\t\t\t\t\t\t<div class=\"elementor-element elementor-element-5cc239a elementor-view-framed elementor-shape-circle elementor-position-top elementor-mobile-position-top elementor-invisible elementor-widget elementor-widget-icon-box\" data-id=\"5cc239a\" data-element_type=\"widget\" data-settings=\"{&quot;_animation&quot;:&quot;fadeInUp&quot;,&quot;_animation_delay&quot;:500}\" data-widget_type=\"icon-box.default\">\n\t\t\t\t<div class=\"elementor-widget-container\">\n\t\t\t\t\t<div class=\"elementor-icon-box-wrapper\">\n\n\t\t\t\t\t\t<div class=\"elementor-icon-box-icon\">\n\t\t\t\t<a href=\"https:\/\/support.sensormedica.com\/portal\/en\/newticket\" class=\"elementor-icon elementor-animation-grow\" tabindex=\"-1\">\n\t\t\t\t<i aria-hidden=\"true\" class=\"fas fa-ticket-alt\"><\/i>\t\t\t\t<\/a>\n\t\t\t<\/div>\n\t\t\t\n\t\t\t\t\t\t<div class=\"elementor-icon-box-content\">\n\n\t\t\t\t\t\t\t\t\t<h3 class=\"elementor-icon-box-title\">\n\t\t\t\t\t\t<a href=\"https:\/\/support.sensormedica.com\/portal\/en\/newticket\" >\n\t\t\t\t\t\t\tFahrkarte\t\t\t\t\t\t<\/a>\n\t\t\t\t\t<\/h3>\n\t\t\t\t\n\t\t\t\t\t\t\t\t\t<p class=\"elementor-icon-box-description\">\n\t\t\t\t\t\tChatten Sie mit unseren Operatoren\n\n\t\t\t\t\t<\/p>\n\t\t\t\t\n\t\t\t<\/div>\n\t\t\t\n\t\t<\/div>\n\t\t\t\t<\/div>\n\t\t\t\t<\/div>\n\t\t\t\t\t<\/div>\n\t\t<\/div>\n\t\t\t\t<div class=\"elementor-column elementor-col-33 elementor-top-column elementor-element elementor-element-f39bfe2\" data-id=\"f39bfe2\" data-element_type=\"column\" data-settings=\"{&quot;background_background&quot;:&quot;classic&quot;}\">\n\t\t\t<div class=\"elementor-widget-wrap elementor-element-populated\">\n\t\t\t\t\t\t<div class=\"elementor-element elementor-element-94891cf elementor-view-framed elementor-shape-circle elementor-position-top elementor-mobile-position-top elementor-invisible elementor-widget elementor-widget-icon-box\" data-id=\"94891cf\" data-element_type=\"widget\" data-settings=\"{&quot;_animation&quot;:&quot;fadeInUp&quot;,&quot;_animation_delay&quot;:1000}\" data-widget_type=\"icon-box.default\">\n\t\t\t\t<div class=\"elementor-widget-container\">\n\t\t\t\t\t<div class=\"elementor-icon-box-wrapper\">\n\n\t\t\t\t\t\t<div class=\"elementor-icon-box-icon\">\n\t\t\t\t<a href=\"https:\/\/support.sensormedica.com\/portal\/en\/community\/sensor-medica\" class=\"elementor-icon elementor-animation-grow\" tabindex=\"-1\">\n\t\t\t\t<i aria-hidden=\"true\" class=\"fas fa-users\"><\/i>\t\t\t\t<\/a>\n\t\t\t<\/div>\n\t\t\t\n\t\t\t\t\t\t<div class=\"elementor-icon-box-content\">\n\n\t\t\t\t\t\t\t\t\t<h3 class=\"elementor-icon-box-title\">\n\t\t\t\t\t\t<a href=\"https:\/\/support.sensormedica.com\/portal\/en\/community\/sensor-medica\" >\n\t\t\t\t\t\t\tGemeinschaft\t\t\t\t\t\t<\/a>\n\t\t\t\t\t<\/h3>\n\t\t\t\t\n\t\t\t\t\t\t\t\t\t<p class=\"elementor-icon-box-description\">\n\t\t\t\t\t\tFragen Sie unsere Community.\n\n\t\t\t\t\t<\/p>\n\t\t\t\t\n\t\t\t<\/div>\n\t\t\t\n\t\t<\/div>\n\t\t\t\t<\/div>\n\t\t\t\t<\/div>\n\t\t\t\t\t<\/div>\n\t\t<\/div>\n\t\t\t\t\t<\/div>\n\t\t<\/section>\n\t\t\t\t<section class=\"elementor-section elementor-top-section elementor-element elementor-element-b630110 elementor-hidden-laptop elementor-hidden-tablet elementor-hidden-mobile elementor-section-boxed elementor-section-height-default elementor-section-height-default\" data-id=\"b630110\" data-element_type=\"section\" data-settings=\"{&quot;background_background&quot;:&quot;classic&quot;}\">\n\t\t\t\t\t\t<div class=\"elementor-container elementor-column-gap-default\">\n\t\t\t\t\t<div class=\"elementor-column elementor-col-100 elementor-top-column elementor-element elementor-element-807c5cb\" data-id=\"807c5cb\" data-element_type=\"column\">\n\t\t\t<div class=\"elementor-widget-wrap elementor-element-populated\">\n\t\t\t\t\t\t<div class=\"elementor-element elementor-element-59037e2 elementor-widget__width-initial elementor-widget elementor-widget-qi_addons_for_elementor_animated_text\" data-id=\"59037e2\" data-element_type=\"widget\" data-widget_type=\"qi_addons_for_elementor_animated_text.default\">\n\t\t\t\t<div class=\"elementor-widget-container\">\n\t\t\t<div class=\"qodef-shortcode qodef-m  qodef-qi-animated-text qodef--animated-by-word qodef--alignment-center qodef-qi--has-appear qodef--appear-from-bottom\" >\n\t\t<h2 class=\"qodef-m-title translation-block\"><span class=\"qodef-e-word\">Kundendienst<\/span> <span class=\"qodef-e-word\">_<\/span> <span class=\"qodef-e-word\">_<\/span><\/h2>\n<\/div>\n\t\t<\/div>\n\t\t\t\t<\/div>\n\t\t\t\t<div class=\"elementor-element elementor-element-9f52bc0 elementor-widget elementor-widget-heading\" data-id=\"9f52bc0\" data-element_type=\"widget\" data-widget_type=\"heading.default\">\n\t\t\t\t<div class=\"elementor-widget-container\">\n\t\t\t<h2 class=\"elementor-heading-title elementor-size-default\">Exklusive Dienstleistungen, die unseren Kunden vorbehalten sind<\/h2>\t\t<\/div>\n\t\t\t\t<\/div>\n\t\t\t\t<div class=\"elementor-element elementor-element-fe74e31 elementor-widget elementor-widget-text-editor\" data-id=\"fe74e31\" data-element_type=\"widget\" data-widget_type=\"text-editor.default\">\n\t\t\t\t<div class=\"elementor-widget-container\">\n\t\t\t\t\t\t\t<p>Unsere Produkte zeichnen sich durch eine einzigartige Qualit\u00e4t aus. Sensor Medica f\u00fchrt nicht nur Qualit\u00e4tskontrollen am Ende des Produktionsprozesses durch, sondern f\u00fchrt auf allen Verarbeitungsebenen strenge Kontrollen durch. Nur dank dieser Herangehensweise ist es m\u00f6glich, ein Produkt zu erhalten, das frei von M\u00e4ngeln ist und unseren gr\u00f6\u00dften Wert darstellt. Durch dieses st\u00e4ndige Bekenntnis zur Qualit\u00e4t sind wir das einzige Unternehmen, das eine dreij\u00e4hrige Garantie auf seine Produkte gew\u00e4hrt und gleichzeitig Time-Kundensupport per Telefon, Chat und E-Mail. Sensor Medica steht jederzeit zur Verf\u00fcgung, um alle Kundenbed\u00fcrfnisse zu erf\u00fcllen.<\/p><p>Jeder Kunde wird von unseren Experten sowohl in der Anfangsphase der Installation als auch in den darauffolgenden Phasen unterst\u00fctzt. Tats\u00e4chlich organisiert Sensor Medica systematisch Schulungen und Auffrischungskurse in seinem Hauptsitz oder in lokalen Einrichtungen.<\/p><p>Sensor Medica ist mit seinem Vertriebsnetz auf der ganzen Welt pr\u00e4sent. In \u00fcber 60 L\u00e4ndern stehen Ihnen unsere Produkte und unsere Experten zur Verf\u00fcgung. Um unseren Kundendienst zu kontaktieren, k\u00f6nnen Sie eine E-Mail senden an: <span style=\"color: #ff6600;\"><a style=\"color: #ff6600;\" href=\"mailto:helpdesk@sensormedica.com\">helpdesk@sensormedica.com<\/a><\/span><\/p>\t\t\t\t\t\t<\/div>\n\t\t\t\t<\/div>\n\t\t\t\t\t<\/div>\n\t\t<\/div>\n\t\t\t\t\t<\/div>\n\t\t<\/section>\n\t\t\t\t<section class=\"elementor-section elementor-top-section elementor-element elementor-element-0bd46fb elementor-hidden-widescreen elementor-hidden-desktop elementor-section-boxed elementor-section-height-default elementor-section-height-default\" data-id=\"0bd46fb\" data-element_type=\"section\" data-settings=\"{&quot;background_background&quot;:&quot;classic&quot;}\">\n\t\t\t\t\t\t<div class=\"elementor-container elementor-column-gap-default\">\n\t\t\t\t\t<div class=\"elementor-column elementor-col-100 elementor-top-column elementor-element elementor-element-6495c6e\" data-id=\"6495c6e\" data-element_type=\"column\">\n\t\t\t<div class=\"elementor-widget-wrap elementor-element-populated\">\n\t\t\t\t\t\t<div class=\"elementor-element elementor-element-657c561 elementor-widget-widescreen__width-initial elementor-widget elementor-widget-heading\" data-id=\"657c561\" data-element_type=\"widget\" data-widget_type=\"heading.default\">\n\t\t\t\t<div class=\"elementor-widget-container\">\n\t\t\t<h2 class=\"elementor-heading-title elementor-size-default\">Service nach dem Verkauf<\/h2>\t\t<\/div>\n\t\t\t\t<\/div>\n\t\t\t\t<div class=\"elementor-element elementor-element-83d3af0 elementor-widget elementor-widget-heading\" data-id=\"83d3af0\" data-element_type=\"widget\" data-widget_type=\"heading.default\">\n\t\t\t\t<div class=\"elementor-widget-container\">\n\t\t\t<h2 class=\"elementor-heading-title elementor-size-default\">Exklusive Dienstleistungen, die unseren Kunden vorbehalten sind<\/h2>\t\t<\/div>\n\t\t\t\t<\/div>\n\t\t\t\t<div class=\"elementor-element elementor-element-32a091a elementor-widget elementor-widget-text-editor\" data-id=\"32a091a\" data-element_type=\"widget\" data-widget_type=\"text-editor.default\">\n\t\t\t\t<div class=\"elementor-widget-container\">\n\t\t\t\t\t\t\t<p>Unsere Produkte zeichnen sich durch eine einzigartige Qualit\u00e4t aus. Sensor Medica f\u00fchrt nicht nur Qualit\u00e4tskontrollen am Ende des Produktionsprozesses durch, sondern f\u00fchrt auf allen Verarbeitungsebenen strenge Kontrollen durch. Nur dank dieser Herangehensweise ist es m\u00f6glich, ein Produkt zu erhalten, das frei von M\u00e4ngeln ist und unseren gr\u00f6\u00dften Wert darstellt. Durch dieses st\u00e4ndige Bekenntnis zur Qualit\u00e4t sind wir das einzige Unternehmen, das eine dreij\u00e4hrige Garantie auf seine Produkte gew\u00e4hrt und gleichzeitig Time-Kundensupport per Telefon, Chat und E-Mail. Sensor Medica steht jederzeit zur Verf\u00fcgung, um alle Kundenbed\u00fcrfnisse zu erf\u00fcllen.<\/p><p>Jeder Kunde wird von unseren Experten sowohl in der Anfangsphase der Installation als auch in den darauffolgenden Phasen unterst\u00fctzt. Tats\u00e4chlich organisiert Sensor Medica systematisch Schulungen und Auffrischungskurse in seinem Hauptsitz oder in lokalen Einrichtungen.<\/p><p>Sensor Medica ist mit seinem Vertriebsnetz auf der ganzen Welt pr\u00e4sent. In \u00fcber 60 L\u00e4ndern stehen Ihnen unsere Produkte und unsere Experten zur Verf\u00fcgung. Um unseren Kundendienst zu kontaktieren, k\u00f6nnen Sie eine E-Mail senden an: <span style=\"color: #ff6600;\"><a style=\"color: #ff6600;\" href=\"mailto:helpdesk@sensormedica.com\">helpdesk@sensormedica.com<\/a><\/span><\/p>\t\t\t\t\t\t<\/div>\n\t\t\t\t<\/div>\n\t\t\t\t\t<\/div>\n\t\t<\/div>\n\t\t\t\t\t<\/div>\n\t\t<\/section>\n\t\t\t\t<\/div>","protected":false},"excerpt":{"rendered":"<p>HELPDESK Erhalten Sie Hilfe f\u00fcr alle Ihre Sensor Medica-Produkte an einem Ort oder nehmen Sie Kontakt zu einem Experten auf. Unsere Techniker stehen Ihnen bei Fragen oder Bedenken zu unseren Produkten gerne zur Verf\u00fcgung. Bitte z\u00f6gern Sie nicht, uns \u00fcber unser Kontaktformular oder einen der unten verf\u00fcgbaren Kan\u00e4le zu kontaktieren. Kundendienstzentrum \u2026<\/p>\n<p class=\"read-more\"> <a class=\"\" href=\"https:\/\/sensormedica.de\/de\/helpdesk\/\"> <span class=\"screen-reader-text\">Beratungsstelle<\/span> Weiterlesen \u00bb<\/a><\/p>","protected":false},"author":1,"featured_media":0,"parent":0,"menu_order":0,"comment_status":"closed","ping_status":"closed","template":"","meta":{"site-sidebar-layout":"no-sidebar","site-content-layout":"page-builder","ast-site-content-layout":"full-width-container","site-content-style":"unboxed","site-sidebar-style":"unboxed","ast-global-header-display":"","ast-banner-title-visibility":"","ast-main-header-display":"","ast-hfb-above-header-display":"","ast-hfb-below-header-display":"","ast-hfb-mobile-header-display":"","site-post-title":"disabled","ast-breadcrumbs-content":"","ast-featured-img":"disabled","footer-sml-layout":"","theme-transparent-header-meta":"","adv-header-id-meta":"","stick-header-meta":"","header-above-stick-meta":"","header-main-stick-meta":"","header-below-stick-meta":"","astra-migrate-meta-layouts":"set","footnotes":""},"class_list":["post-145","page","type-page","status-publish","hentry"],"yoast_head":"<!-- This site is optimized with the Yoast SEO Premium plugin v21.6 (Yoast SEO v23.7) - https:\/\/yoast.com\/wordpress\/plugins\/seo\/ -->\n<title>Helpdesk - Sensor Medica<\/title>\n<meta name=\"description\" content=\"Get help for all your Sensor Medica products in one place. Our technicians are available to assist with any questions or concerns you have.\" \/>\n<meta name=\"robots\" content=\"index, follow, max-snippet:-1, max-image-preview:large, max-video-preview:-1\" \/>\n<link rel=\"canonical\" href=\"https:\/\/sensormedica.de\/de\/helpdesk\/\" \/>\n<meta property=\"og:locale\" content=\"de_DE\" \/>\n<meta property=\"og:type\" content=\"article\" \/>\n<meta property=\"og:title\" content=\"Helpdesk\" \/>\n<meta property=\"og:description\" content=\"Get help for all your Sensor Medica products in one place. Our technicians are available to assist with any questions or concerns you have.\" \/>\n<meta property=\"og:url\" content=\"https:\/\/sensormedica.de\/de\/helpdesk\/\" \/>\n<meta property=\"og:site_name\" content=\"Sensor Medica\" \/>\n<meta property=\"article:modified_time\" content=\"2024-01-04T08:51:14+00:00\" \/>\n<meta name=\"twitter:card\" content=\"summary_large_image\" \/>\n<meta name=\"twitter:label1\" content=\"Gesch\u00e4tzte Lesezeit\" \/>\n\t<meta name=\"twitter:data1\" content=\"3\u00a0Minuten\" \/>\n<script type=\"application\/ld+json\" class=\"yoast-schema-graph\">{\"@context\":\"https:\/\/schema.org\",\"@graph\":[{\"@type\":\"WebPage\",\"@id\":\"https:\/\/sensormedica.de\/helpdesk\/\",\"url\":\"https:\/\/sensormedica.de\/helpdesk\/\",\"name\":\"Helpdesk - Sensor Medica\",\"isPartOf\":{\"@id\":\"https:\/\/sensormedica.de\/#website\"},\"datePublished\":\"2023-02-16T17:17:27+00:00\",\"dateModified\":\"2024-01-04T08:51:14+00:00\",\"description\":\"Get help for all your Sensor Medica products in one place. Our technicians are available to assist with any questions or concerns you have.\",\"breadcrumb\":{\"@id\":\"https:\/\/sensormedica.de\/helpdesk\/#breadcrumb\"},\"inLanguage\":\"de\",\"potentialAction\":[{\"@type\":\"ReadAction\",\"target\":[\"https:\/\/sensormedica.de\/helpdesk\/\"]}]},{\"@type\":\"BreadcrumbList\",\"@id\":\"https:\/\/sensormedica.de\/helpdesk\/#breadcrumb\",\"itemListElement\":[{\"@type\":\"ListItem\",\"position\":1,\"name\":\"Home\",\"item\":\"https:\/\/sensormedica.de\/\"},{\"@type\":\"ListItem\",\"position\":2,\"name\":\"Helpdesk\"}]},{\"@type\":\"WebSite\",\"@id\":\"https:\/\/sensormedica.de\/#website\",\"url\":\"https:\/\/sensormedica.de\/\",\"name\":\"Sensor Medica\",\"description\":\"Technology in Motion\",\"potentialAction\":[{\"@type\":\"SearchAction\",\"target\":{\"@type\":\"EntryPoint\",\"urlTemplate\":\"https:\/\/sensormedica.de\/?s={search_term_string}\"},\"query-input\":{\"@type\":\"PropertyValueSpecification\",\"valueRequired\":true,\"valueName\":\"search_term_string\"}}],\"inLanguage\":\"de\"}]}<\/script>\n<!-- \/ Yoast SEO Premium plugin. -->","yoast_head_json":{"title":"Helpdesk - Sensor Medica","description":"Get help for all your Sensor Medica products in one place. Our technicians are available to assist with any questions or concerns you have.","robots":{"index":"index","follow":"follow","max-snippet":"max-snippet:-1","max-image-preview":"max-image-preview:large","max-video-preview":"max-video-preview:-1"},"canonical":"https:\/\/sensormedica.de\/de\/helpdesk\/","og_locale":"de_DE","og_type":"article","og_title":"Helpdesk","og_description":"Get help for all your Sensor Medica products in one place. Our technicians are available to assist with any questions or concerns you have.","og_url":"https:\/\/sensormedica.de\/de\/helpdesk\/","og_site_name":"Sensor Medica","article_modified_time":"2024-01-04T08:51:14+00:00","twitter_card":"summary_large_image","twitter_misc":{"Gesch\u00e4tzte Lesezeit":"3\u00a0Minuten"},"schema":{"@context":"https:\/\/schema.org","@graph":[{"@type":"WebPage","@id":"https:\/\/sensormedica.de\/helpdesk\/","url":"https:\/\/sensormedica.de\/helpdesk\/","name":"Helpdesk - Sensor Medica","isPartOf":{"@id":"https:\/\/sensormedica.de\/#website"},"datePublished":"2023-02-16T17:17:27+00:00","dateModified":"2024-01-04T08:51:14+00:00","description":"Get help for all your Sensor Medica products in one place. Our technicians are available to assist with any questions or concerns you have.","breadcrumb":{"@id":"https:\/\/sensormedica.de\/helpdesk\/#breadcrumb"},"inLanguage":"de","potentialAction":[{"@type":"ReadAction","target":["https:\/\/sensormedica.de\/helpdesk\/"]}]},{"@type":"BreadcrumbList","@id":"https:\/\/sensormedica.de\/helpdesk\/#breadcrumb","itemListElement":[{"@type":"ListItem","position":1,"name":"Home","item":"https:\/\/sensormedica.de\/"},{"@type":"ListItem","position":2,"name":"Helpdesk"}]},{"@type":"WebSite","@id":"https:\/\/sensormedica.de\/#website","url":"https:\/\/sensormedica.de\/","name":"Sensor Medica","description":"Technology in Motion","potentialAction":[{"@type":"SearchAction","target":{"@type":"EntryPoint","urlTemplate":"https:\/\/sensormedica.de\/?s={search_term_string}"},"query-input":{"@type":"PropertyValueSpecification","valueRequired":true,"valueName":"search_term_string"}}],"inLanguage":"de"}]}},"_links":{"self":[{"href":"https:\/\/sensormedica.de\/de\/wp-json\/wp\/v2\/pages\/145","targetHints":{"allow":["GET"]}}],"collection":[{"href":"https:\/\/sensormedica.de\/de\/wp-json\/wp\/v2\/pages"}],"about":[{"href":"https:\/\/sensormedica.de\/de\/wp-json\/wp\/v2\/types\/page"}],"author":[{"embeddable":true,"href":"https:\/\/sensormedica.de\/de\/wp-json\/wp\/v2\/users\/1"}],"replies":[{"embeddable":true,"href":"https:\/\/sensormedica.de\/de\/wp-json\/wp\/v2\/comments?post=145"}],"version-history":[{"count":12,"href":"https:\/\/sensormedica.de\/de\/wp-json\/wp\/v2\/pages\/145\/revisions"}],"predecessor-version":[{"id":10872,"href":"https:\/\/sensormedica.de\/de\/wp-json\/wp\/v2\/pages\/145\/revisions\/10872"}],"wp:attachment":[{"href":"https:\/\/sensormedica.de\/de\/wp-json\/wp\/v2\/media?parent=145"}],"curies":[{"name":"wp","href":"https:\/\/api.w.org\/{rel}","templated":true}]}}