{"id":14,"date":"2023-02-16T15:25:21","date_gmt":"2023-02-16T15:25:21","guid":{"rendered":"https:\/\/sensormedica.de\/?page_id=14"},"modified":"2024-01-03T09:35:56","modified_gmt":"2024-01-03T09:35:56","slug":"contacts","status":"publish","type":"page","link":"https:\/\/sensormedica.de\/es\/contactos\/","title":{"rendered":"Contactos"},"content":{"rendered":"<div data-elementor-type=\"wp-page\" data-elementor-id=\"14\" class=\"elementor elementor-14\" data-elementor-post-type=\"page\">\n\t\t\t\t\t\t<section class=\"elementor-section elementor-top-section elementor-element elementor-element-d7f2c79 elementor-section-height-min-height elementor-section-boxed elementor-section-height-default elementor-section-items-middle\" data-id=\"d7f2c79\" data-element_type=\"section\" data-settings=\"{&quot;background_background&quot;:&quot;classic&quot;}\">\n\t\t\t\t\t\t\t<div class=\"elementor-background-overlay\"><\/div>\n\t\t\t\t\t\t\t<div class=\"elementor-container elementor-column-gap-default\">\n\t\t\t\t\t<div class=\"elementor-column elementor-col-100 elementor-top-column elementor-element elementor-element-bbe149b\" data-id=\"bbe149b\" data-element_type=\"column\">\n\t\t\t<div class=\"elementor-widget-wrap elementor-element-populated\">\n\t\t\t\t\t\t<div class=\"elementor-element elementor-element-22af038 elementor-widget__width-initial elementor-widget elementor-widget-qi_addons_for_elementor_animated_text\" data-id=\"22af038\" data-element_type=\"widget\" data-widget_type=\"qi_addons_for_elementor_animated_text.default\">\n\t\t\t\t<div class=\"elementor-widget-container\">\n\t\t\t<div class=\"qodef-shortcode qodef-m  qodef-qi-animated-text qodef--animated-by-word qodef--alignment-center qodef-qi--has-appear qodef--appear-from-bottom\" >\n\t\t<h2 class=\"qodef-m-title\">\n\t\t<span class=\"qodef-e-word\">CONTACTOS<\/span>\t<\/h2>\n<\/div>\n\t\t<\/div>\n\t\t\t\t<\/div>\n\t\t\t\t\t<\/div>\n\t\t<\/div>\n\t\t\t\t\t<\/div>\n\t\t<\/section>\n\t\t\t\t<section class=\"elementor-section elementor-top-section elementor-element elementor-element-1b38d34 elementor-section-boxed elementor-section-height-default elementor-section-height-default\" data-id=\"1b38d34\" data-element_type=\"section\" data-settings=\"{&quot;background_background&quot;:&quot;classic&quot;}\">\n\t\t\t\t\t\t<div class=\"elementor-container elementor-column-gap-default\">\n\t\t\t\t\t<div class=\"elementor-column elementor-col-100 elementor-top-column elementor-element elementor-element-b1bef87\" data-id=\"b1bef87\" data-element_type=\"column\">\n\t\t\t<div class=\"elementor-widget-wrap elementor-element-populated\">\n\t\t\t\t\t\t<div class=\"elementor-element elementor-element-dfb8d2c elementor-widget__width-initial elementor-widget elementor-widget-qi_addons_for_elementor_animated_text\" data-id=\"dfb8d2c\" data-element_type=\"widget\" data-widget_type=\"qi_addons_for_elementor_animated_text.default\">\n\t\t\t\t<div class=\"elementor-widget-container\">\n\t\t\t<div class=\"qodef-shortcode qodef-m  qodef-qi-animated-text qodef--animated-by-word qodef--alignment-center qodef-qi--has-appear qodef--appear-from-bottom\" >\n\t\t<h2 class=\"qodef-m-title translation-block\"><span class=\"qodef-e-word\">Manteng\u00e1monos<\/span> <span class=\"qodef-e-word\">en<\/span> <span class=\"qodef-e-word\">contacto<\/span> <span class=\"qodef-e-word\">_<\/span><\/h2>\n<\/div>\n\t\t<\/div>\n\t\t\t\t<\/div>\n\t\t\t\t<section class=\"elementor-section elementor-inner-section elementor-element elementor-element-4da3fc7 elementor-section-boxed elementor-section-height-default elementor-section-height-default\" data-id=\"4da3fc7\" data-element_type=\"section\">\n\t\t\t\t\t\t<div class=\"elementor-container elementor-column-gap-default\">\n\t\t\t\t\t<div class=\"elementor-column elementor-col-100 elementor-inner-column elementor-element elementor-element-1021f4e\" data-id=\"1021f4e\" data-element_type=\"column\">\n\t\t\t<div class=\"elementor-widget-wrap elementor-element-populated\">\n\t\t\t\t\t\t<div class=\"elementor-element elementor-element-2f3fc56 elementor-widget elementor-widget-text-editor\" data-id=\"2f3fc56\" data-element_type=\"widget\" data-widget_type=\"text-editor.default\">\n\t\t\t\t<div class=\"elementor-widget-container\">\n\t\t\t\t\t\t\t<p>La profesionalidad de una empresa tambi\u00e9n se demuestra por su capacidad para ayudar mejor a sus clientes. Es por esta raz\u00f3n que el servicio de atenci\u00f3n al cliente de Sensor Medica est\u00e1 atento a todas sus necesidades. Nuestros t\u00e9cnicos est\u00e1n siempre a su disposici\u00f3n para garantizarle toda la asistencia necesaria. \u00a1Complete el siguiente formulario y nos comunicaremos con usted de inmediato!<\/p>\t\t\t\t\t\t<\/div>\n\t\t\t\t<\/div>\n\t\t\t\t\t<\/div>\n\t\t<\/div>\n\t\t\t\t\t<\/div>\n\t\t<\/section>\n\t\t\t\t<div class=\"elementor-element elementor-element-d740b43 elementor-widget elementor-widget-html\" data-id=\"d740b43\" data-element_type=\"widget\" data-widget_type=\"html.default\">\n\t\t\t\t<div class=\"elementor-widget-container\">\n\t\t\t<iframe frameborder=\"0\" style=\"height:1200px;width:99%;border:none;\" src=\"https:\/\/forms.zohopublic.com\/sensormedica\/form\/FormContactsENG\/formperma\/35Jaj91DhC40m13M9MHbEb4AM\"><\/iframe>\t\t<\/div>\n\t\t\t\t<\/div>\n\t\t\t\t<div class=\"elementor-element elementor-element-57b8121 elementor-widget elementor-widget-html\" data-id=\"57b8121\" data-element_type=\"widget\" data-no-translation=\"\" data-widget_type=\"html.default\">\n\t\t\t\t<div class=\"elementor-widget-container\">\n\t\t\t<style>.elementor-element-57b8121{display:none !important}<\/style>\t\t<\/div>\n\t\t\t\t<\/div>\n\t\t\t\t\t<\/div>\n\t\t<\/div>\n\t\t\t\t\t<\/div>\n\t\t<\/section>\n\t\t\t\t<\/div>","protected":false},"excerpt":{"rendered":"<p>CONTACTOS Manteng\u00e1monos en contacto La profesionalidad de una empresa tambi\u00e9n se demuestra por su capacidad de atender mejor a sus clientes. Es por esta raz\u00f3n que el servicio de atenci\u00f3n al cliente de Sensor Medica est\u00e1 atento a todas sus necesidades. Nuestros t\u00e9cnicos est\u00e1n siempre a su disposici\u00f3n para garantizarle toda la asistencia necesaria. Rellenar el formulario \u2026<\/p>\n<p class=\"read-more\"> <a class=\"\" href=\"https:\/\/sensormedica.de\/es\/contactos\/\"> <span class=\"screen-reader-text\">Contactos<\/span> Leer m\u00e1s &raquo;<\/a><\/p>","protected":false},"author":1,"featured_media":0,"parent":0,"menu_order":0,"comment_status":"closed","ping_status":"closed","template":"","meta":{"site-sidebar-layout":"no-sidebar","site-content-layout":"page-builder","ast-site-content-layout":"","site-content-style":"default","site-sidebar-style":"default","ast-global-header-display":"","ast-banner-title-visibility":"","ast-main-header-display":"","ast-hfb-above-header-display":"","ast-hfb-below-header-display":"","ast-hfb-mobile-header-display":"","site-post-title":"disabled","ast-breadcrumbs-content":"","ast-featured-img":"disabled","footer-sml-layout":"","theme-transparent-header-meta":"","adv-header-id-meta":"","stick-header-meta":"","header-above-stick-meta":"","header-main-stick-meta":"","header-below-stick-meta":"","astra-migrate-meta-layouts":"","footnotes":""},"class_list":["post-14","page","type-page","status-publish","hentry"],"yoast_head":"<!-- This site is optimized with the Yoast SEO Premium plugin v21.6 (Yoast SEO v23.7) - https:\/\/yoast.com\/wordpress\/plugins\/seo\/ -->\n<title>Contacts - Sensor Medica<\/title>\n<meta name=\"robots\" content=\"index, follow, max-snippet:-1, max-image-preview:large, max-video-preview:-1\" \/>\n<link rel=\"canonical\" href=\"https:\/\/sensormedica.de\/es\/contactos\/\" \/>\n<meta property=\"og:locale\" content=\"es_ES\" \/>\n<meta property=\"og:type\" content=\"article\" \/>\n<meta property=\"og:title\" content=\"Contacts\" \/>\n<meta property=\"og:description\" content=\"CONTACTS Let&#8217;s keep in touch The professionalism of a company is also demonstrated by its ability to best assist its customers. It is for this reason that Sensor Medica Customer Service is attentive to your every need. Our technicians are always at your disposal to guarantee you all the necessary assistance. Fill out the form &hellip; Contacts Leer m\u00e1s &raquo;\" \/>\n<meta property=\"og:url\" content=\"https:\/\/sensormedica.de\/es\/contactos\/\" \/>\n<meta property=\"og:site_name\" content=\"Sensor Medica\" \/>\n<meta property=\"article:modified_time\" content=\"2024-01-03T09:35:56+00:00\" \/>\n<meta name=\"twitter:card\" content=\"summary_large_image\" \/>\n<meta name=\"twitter:label1\" content=\"Tiempo de lectura\" \/>\n\t<meta name=\"twitter:data1\" content=\"1 minuto\" \/>\n<script type=\"application\/ld+json\" class=\"yoast-schema-graph\">{\"@context\":\"https:\/\/schema.org\",\"@graph\":[{\"@type\":\"WebPage\",\"@id\":\"https:\/\/sensormedica.de\/contacts\/\",\"url\":\"https:\/\/sensormedica.de\/contacts\/\",\"name\":\"Contacts - Sensor Medica\",\"isPartOf\":{\"@id\":\"https:\/\/sensormedica.de\/#website\"},\"datePublished\":\"2023-02-16T15:25:21+00:00\",\"dateModified\":\"2024-01-03T09:35:56+00:00\",\"breadcrumb\":{\"@id\":\"https:\/\/sensormedica.de\/contacts\/#breadcrumb\"},\"inLanguage\":\"es\",\"potentialAction\":[{\"@type\":\"ReadAction\",\"target\":[\"https:\/\/sensormedica.de\/contacts\/\"]}]},{\"@type\":\"BreadcrumbList\",\"@id\":\"https:\/\/sensormedica.de\/contacts\/#breadcrumb\",\"itemListElement\":[{\"@type\":\"ListItem\",\"position\":1,\"name\":\"Home\",\"item\":\"https:\/\/sensormedica.de\/\"},{\"@type\":\"ListItem\",\"position\":2,\"name\":\"Contacts\"}]},{\"@type\":\"WebSite\",\"@id\":\"https:\/\/sensormedica.de\/#website\",\"url\":\"https:\/\/sensormedica.de\/\",\"name\":\"Sensor Medica\",\"description\":\"Technology in Motion\",\"potentialAction\":[{\"@type\":\"SearchAction\",\"target\":{\"@type\":\"EntryPoint\",\"urlTemplate\":\"https:\/\/sensormedica.de\/?s={search_term_string}\"},\"query-input\":{\"@type\":\"PropertyValueSpecification\",\"valueRequired\":true,\"valueName\":\"search_term_string\"}}],\"inLanguage\":\"es\"}]}<\/script>\n<!-- \/ Yoast SEO Premium plugin. -->","yoast_head_json":{"title":"Contacts - Sensor Medica","robots":{"index":"index","follow":"follow","max-snippet":"max-snippet:-1","max-image-preview":"max-image-preview:large","max-video-preview":"max-video-preview:-1"},"canonical":"https:\/\/sensormedica.de\/es\/contactos\/","og_locale":"es_ES","og_type":"article","og_title":"Contacts","og_description":"CONTACTS Let&#8217;s keep in touch The professionalism of a company is also demonstrated by its ability to best assist its customers. It is for this reason that Sensor Medica Customer Service is attentive to your every need. Our technicians are always at your disposal to guarantee you all the necessary assistance. Fill out the form &hellip; Contacts Leer m\u00e1s &raquo;","og_url":"https:\/\/sensormedica.de\/es\/contactos\/","og_site_name":"Sensor Medica","article_modified_time":"2024-01-03T09:35:56+00:00","twitter_card":"summary_large_image","twitter_misc":{"Tiempo de lectura":"1 minuto"},"schema":{"@context":"https:\/\/schema.org","@graph":[{"@type":"WebPage","@id":"https:\/\/sensormedica.de\/contacts\/","url":"https:\/\/sensormedica.de\/contacts\/","name":"Contacts - Sensor Medica","isPartOf":{"@id":"https:\/\/sensormedica.de\/#website"},"datePublished":"2023-02-16T15:25:21+00:00","dateModified":"2024-01-03T09:35:56+00:00","breadcrumb":{"@id":"https:\/\/sensormedica.de\/contacts\/#breadcrumb"},"inLanguage":"es","potentialAction":[{"@type":"ReadAction","target":["https:\/\/sensormedica.de\/contacts\/"]}]},{"@type":"BreadcrumbList","@id":"https:\/\/sensormedica.de\/contacts\/#breadcrumb","itemListElement":[{"@type":"ListItem","position":1,"name":"Home","item":"https:\/\/sensormedica.de\/"},{"@type":"ListItem","position":2,"name":"Contacts"}]},{"@type":"WebSite","@id":"https:\/\/sensormedica.de\/#website","url":"https:\/\/sensormedica.de\/","name":"Sensor Medica","description":"Technology in Motion","potentialAction":[{"@type":"SearchAction","target":{"@type":"EntryPoint","urlTemplate":"https:\/\/sensormedica.de\/?s={search_term_string}"},"query-input":{"@type":"PropertyValueSpecification","valueRequired":true,"valueName":"search_term_string"}}],"inLanguage":"es"}]}},"_links":{"self":[{"href":"https:\/\/sensormedica.de\/es\/wp-json\/wp\/v2\/pages\/14","targetHints":{"allow":["GET"]}}],"collection":[{"href":"https:\/\/sensormedica.de\/es\/wp-json\/wp\/v2\/pages"}],"about":[{"href":"https:\/\/sensormedica.de\/es\/wp-json\/wp\/v2\/types\/page"}],"author":[{"embeddable":true,"href":"https:\/\/sensormedica.de\/es\/wp-json\/wp\/v2\/users\/1"}],"replies":[{"embeddable":true,"href":"https:\/\/sensormedica.de\/es\/wp-json\/wp\/v2\/comments?post=14"}],"version-history":[{"count":6,"href":"https:\/\/sensormedica.de\/es\/wp-json\/wp\/v2\/pages\/14\/revisions"}],"predecessor-version":[{"id":10863,"href":"https:\/\/sensormedica.de\/es\/wp-json\/wp\/v2\/pages\/14\/revisions\/10863"}],"wp:attachment":[{"href":"https:\/\/sensormedica.de\/es\/wp-json\/wp\/v2\/media?parent=14"}],"curies":[{"name":"wp","href":"https:\/\/api.w.org\/{rel}","templated":true}]}}