{"id":145,"date":"2023-02-16T17:17:27","date_gmt":"2023-02-16T17:17:27","guid":{"rendered":"https:\/\/sensormedica.de\/?page_id=145"},"modified":"2024-01-04T08:51:14","modified_gmt":"2024-01-04T08:51:14","slug":"helpdesk","status":"publish","type":"page","link":"https:\/\/sensormedica.de\/it\/helpdesk\/","title":{"rendered":"Helpdesk"},"content":{"rendered":"<div data-elementor-type=\"wp-page\" data-elementor-id=\"145\" class=\"elementor elementor-145\" data-elementor-post-type=\"page\">\n\t\t\t\t\t\t<section class=\"elementor-section elementor-top-section elementor-element elementor-element-5ab58a5 elementor-section-height-min-height elementor-section-boxed elementor-section-height-default elementor-section-items-middle\" data-id=\"5ab58a5\" data-element_type=\"section\" data-settings=\"{&quot;background_background&quot;:&quot;classic&quot;}\">\n\t\t\t\t\t\t\t<div class=\"elementor-background-overlay\"><\/div>\n\t\t\t\t\t\t\t<div class=\"elementor-container elementor-column-gap-default\">\n\t\t\t\t\t<div class=\"elementor-column elementor-col-100 elementor-top-column elementor-element elementor-element-28f0a87\" data-id=\"28f0a87\" data-element_type=\"column\">\n\t\t\t<div class=\"elementor-widget-wrap elementor-element-populated\">\n\t\t\t\t\t\t<div class=\"elementor-element elementor-element-63d5fcd elementor-widget__width-initial elementor-widget elementor-widget-qi_addons_for_elementor_animated_text\" data-id=\"63d5fcd\" data-element_type=\"widget\" data-widget_type=\"qi_addons_for_elementor_animated_text.default\">\n\t\t\t\t<div class=\"elementor-widget-container\">\n\t\t\t<div class=\"qodef-shortcode qodef-m  qodef-qi-animated-text qodef--animated-by-word qodef--alignment-center qodef-qi--has-appear qodef--appear-from-bottom\" >\n\t\t<h2 class=\"qodef-m-title\">\n\t\t<span class=\"qodef-e-word\">HELPDESK<\/span>\t<\/h2>\n<\/div>\n\t\t<\/div>\n\t\t\t\t<\/div>\n\t\t\t\t\t<\/div>\n\t\t<\/div>\n\t\t\t\t\t<\/div>\n\t\t<\/section>\n\t\t\t\t<section class=\"elementor-section elementor-top-section elementor-element elementor-element-7858bfe elementor-hidden-widescreen elementor-hidden-desktop elementor-section-boxed elementor-section-height-default elementor-section-height-default\" data-id=\"7858bfe\" data-element_type=\"section\" data-settings=\"{&quot;background_background&quot;:&quot;classic&quot;}\">\n\t\t\t\t\t\t<div class=\"elementor-container elementor-column-gap-default\">\n\t\t\t\t\t<div class=\"elementor-column elementor-col-100 elementor-top-column elementor-element elementor-element-2c14a9c\" data-id=\"2c14a9c\" data-element_type=\"column\">\n\t\t\t<div class=\"elementor-widget-wrap elementor-element-populated\">\n\t\t\t\t\t\t<div class=\"elementor-element elementor-element-0e63391 elementor-widget elementor-widget-text-editor\" data-id=\"0e63391\" data-element_type=\"widget\" data-widget_type=\"text-editor.default\">\n\t\t\t\t<div class=\"elementor-widget-container\">\n\t\t\t\t\t\t\t<p>Ottieni assistenza per tutti i tuoi prodotti Sensor Medica in un unico posto o mettiti in contatto con un esperto. I nostri tecnici sono a disposizione per assistervi con qualsiasi domanda o dubbio possiate avere sui nostri prodotti. Non esitare a contattarci tramite il nostro modulo di contatto uno dei canali disponibili di seguito.<\/p>\t\t\t\t\t\t<\/div>\n\t\t\t\t<\/div>\n\t\t\t\t\t<\/div>\n\t\t<\/div>\n\t\t\t\t\t<\/div>\n\t\t<\/section>\n\t\t\t\t<section class=\"elementor-section elementor-top-section elementor-element elementor-element-19743a8 elementor-hidden-tablet elementor-hidden-mobile elementor-hidden-laptop elementor-section-boxed elementor-section-height-default elementor-section-height-default\" data-id=\"19743a8\" data-element_type=\"section\" data-settings=\"{&quot;background_background&quot;:&quot;classic&quot;}\">\n\t\t\t\t\t\t<div class=\"elementor-container elementor-column-gap-default\">\n\t\t\t\t\t<div class=\"elementor-column elementor-col-100 elementor-top-column elementor-element elementor-element-5be9062\" data-id=\"5be9062\" data-element_type=\"column\">\n\t\t\t<div class=\"elementor-widget-wrap elementor-element-populated\">\n\t\t\t\t\t\t<section class=\"elementor-section elementor-inner-section elementor-element elementor-element-0d6ad34 elementor-section-boxed elementor-section-height-default elementor-section-height-default\" data-id=\"0d6ad34\" data-element_type=\"section\">\n\t\t\t\t\t\t<div class=\"elementor-container elementor-column-gap-default\">\n\t\t\t\t\t<div class=\"elementor-column elementor-col-100 elementor-inner-column elementor-element elementor-element-85c7642\" data-id=\"85c7642\" data-element_type=\"column\">\n\t\t\t<div class=\"elementor-widget-wrap elementor-element-populated\">\n\t\t\t\t\t\t<div class=\"elementor-element elementor-element-f56b0c5 elementor-widget-widescreen__width-initial elementor-widget elementor-widget-qi_addons_for_elementor_animated_text\" data-id=\"f56b0c5\" data-element_type=\"widget\" data-widget_type=\"qi_addons_for_elementor_animated_text.default\">\n\t\t\t\t<div class=\"elementor-widget-container\">\n\t\t\t<div class=\"qodef-shortcode qodef-m  qodef-qi-animated-text qodef--animated-by-word qodef--alignment-center qodef-qi--has-appear qodef--appear-from-bottom\" >\n\t\t<h2 class=\"qodef-m-title translation-block\"><span class=\"qodef-e-word\">assistenza<\/span> <span class=\"qodef-e-word\">clienti<\/span><\/h2>\n<\/div>\n\t\t<\/div>\n\t\t\t\t<\/div>\n\t\t\t\t\t<\/div>\n\t\t<\/div>\n\t\t\t\t\t<\/div>\n\t\t<\/section>\n\t\t\t\t<div class=\"elementor-element elementor-element-1fefad3 elementor-widget elementor-widget-qi_addons_for_elementor_animated_text\" data-id=\"1fefad3\" data-element_type=\"widget\" data-widget_type=\"qi_addons_for_elementor_animated_text.default\">\n\t\t\t\t<div class=\"elementor-widget-container\">\n\t\t\t<div class=\"qodef-shortcode qodef-m  qodef-qi-animated-text   qodef-qi--has-appear qodef--appear-from-bottom\" >\n\t\t<p class=\"qodef-m-title\">\n\t\tOttieni assistenza con semplicit\u00e0 per i tuoi prodotti Sensor Medica. Non esitare a contattarci tramite il nostro modulo di contatto o attraverso uno dei canali messi a disposizione dalla nostra Assistenza al Cliente. I nostri tecnici sono sempre a tua disposizione!\t<\/p>\n<\/div>\n\t\t<\/div>\n\t\t\t\t<\/div>\n\t\t\t\t\t<\/div>\n\t\t<\/div>\n\t\t\t\t\t<\/div>\n\t\t<\/section>\n\t\t\t\t<section class=\"elementor-section elementor-top-section elementor-element elementor-element-8819300 elementor-section-boxed elementor-section-height-default elementor-section-height-default\" data-id=\"8819300\" data-element_type=\"section\" data-settings=\"{&quot;background_background&quot;:&quot;classic&quot;}\">\n\t\t\t\t\t\t<div class=\"elementor-container elementor-column-gap-default\">\n\t\t\t\t\t<div class=\"elementor-column elementor-col-33 elementor-top-column elementor-element elementor-element-7d72d50\" data-id=\"7d72d50\" data-element_type=\"column\" data-settings=\"{&quot;background_background&quot;:&quot;classic&quot;}\">\n\t\t\t<div class=\"elementor-widget-wrap elementor-element-populated\">\n\t\t\t\t\t\t<div class=\"elementor-element elementor-element-a539282 elementor-view-framed elementor-shape-circle elementor-position-top elementor-mobile-position-top elementor-invisible elementor-widget elementor-widget-icon-box\" data-id=\"a539282\" data-element_type=\"widget\" data-settings=\"{&quot;_animation&quot;:&quot;fadeInUp&quot;,&quot;_animation_delay&quot;:0}\" data-widget_type=\"icon-box.default\">\n\t\t\t\t<div class=\"elementor-widget-container\">\n\t\t\t\t\t<div class=\"elementor-icon-box-wrapper\">\n\n\t\t\t\t\t\t<div class=\"elementor-icon-box-icon\">\n\t\t\t\t<a href=\"tel: 390774356165\" class=\"elementor-icon elementor-animation-grow\" tabindex=\"-1\">\n\t\t\t\t<i aria-hidden=\"true\" class=\"fas fa-phone-alt\"><\/i>\t\t\t\t<\/a>\n\t\t\t<\/div>\n\t\t\t\n\t\t\t\t\t\t<div class=\"elementor-icon-box-content\">\n\n\t\t\t\t\t\t\t\t\t<h3 class=\"elementor-icon-box-title\">\n\t\t\t\t\t\t<a href=\"tel: 390774356165\" >\n\t\t\t\t\t\t\tTelefono\t\t\t\t\t\t<\/a>\n\t\t\t\t\t<\/h3>\n\t\t\t\t\n\t\t\t\t\t\t\t\t\t<p class=\"elementor-icon-box-description\">\n\t\t\t\t\t\tRichiedi l\u2019intervento di un nostro tecnico.\t\t\t\t\t<\/p>\n\t\t\t\t\n\t\t\t<\/div>\n\t\t\t\n\t\t<\/div>\n\t\t\t\t<\/div>\n\t\t\t\t<\/div>\n\t\t\t\t\t<\/div>\n\t\t<\/div>\n\t\t\t\t<div class=\"elementor-column elementor-col-33 elementor-top-column elementor-element elementor-element-478afa5\" data-id=\"478afa5\" data-element_type=\"column\" data-settings=\"{&quot;background_background&quot;:&quot;classic&quot;}\">\n\t\t\t<div class=\"elementor-widget-wrap elementor-element-populated\">\n\t\t\t\t\t\t<div class=\"elementor-element elementor-element-5cc239a elementor-view-framed elementor-shape-circle elementor-position-top elementor-mobile-position-top elementor-invisible elementor-widget elementor-widget-icon-box\" data-id=\"5cc239a\" data-element_type=\"widget\" data-settings=\"{&quot;_animation&quot;:&quot;fadeInUp&quot;,&quot;_animation_delay&quot;:500}\" data-widget_type=\"icon-box.default\">\n\t\t\t\t<div class=\"elementor-widget-container\">\n\t\t\t\t\t<div class=\"elementor-icon-box-wrapper\">\n\n\t\t\t\t\t\t<div class=\"elementor-icon-box-icon\">\n\t\t\t\t<a href=\"https:\/\/support.sensormedica.com\/portal\/en\/newticket\" class=\"elementor-icon elementor-animation-grow\" tabindex=\"-1\">\n\t\t\t\t<i aria-hidden=\"true\" class=\"fas fa-ticket-alt\"><\/i>\t\t\t\t<\/a>\n\t\t\t<\/div>\n\t\t\t\n\t\t\t\t\t\t<div class=\"elementor-icon-box-content\">\n\n\t\t\t\t\t\t\t\t\t<h3 class=\"elementor-icon-box-title\">\n\t\t\t\t\t\t<a href=\"https:\/\/support.sensormedica.com\/portal\/en\/newticket\" >\n\t\t\t\t\t\t\tTicket\t\t\t\t\t\t<\/a>\n\t\t\t\t\t<\/h3>\n\t\t\t\t\n\t\t\t\t\t\t\t\t\t<p class=\"elementor-icon-box-description\">\n\t\t\t\t\t\tChatta con i nostri operatori.\n\n\t\t\t\t\t<\/p>\n\t\t\t\t\n\t\t\t<\/div>\n\t\t\t\n\t\t<\/div>\n\t\t\t\t<\/div>\n\t\t\t\t<\/div>\n\t\t\t\t\t<\/div>\n\t\t<\/div>\n\t\t\t\t<div class=\"elementor-column elementor-col-33 elementor-top-column elementor-element elementor-element-f39bfe2\" data-id=\"f39bfe2\" data-element_type=\"column\" data-settings=\"{&quot;background_background&quot;:&quot;classic&quot;}\">\n\t\t\t<div class=\"elementor-widget-wrap elementor-element-populated\">\n\t\t\t\t\t\t<div class=\"elementor-element elementor-element-94891cf elementor-view-framed elementor-shape-circle elementor-position-top elementor-mobile-position-top elementor-invisible elementor-widget elementor-widget-icon-box\" data-id=\"94891cf\" data-element_type=\"widget\" data-settings=\"{&quot;_animation&quot;:&quot;fadeInUp&quot;,&quot;_animation_delay&quot;:1000}\" data-widget_type=\"icon-box.default\">\n\t\t\t\t<div class=\"elementor-widget-container\">\n\t\t\t\t\t<div class=\"elementor-icon-box-wrapper\">\n\n\t\t\t\t\t\t<div class=\"elementor-icon-box-icon\">\n\t\t\t\t<a href=\"https:\/\/support.sensormedica.com\/portal\/en\/community\/sensor-medica\" class=\"elementor-icon elementor-animation-grow\" tabindex=\"-1\">\n\t\t\t\t<i aria-hidden=\"true\" class=\"fas fa-users\"><\/i>\t\t\t\t<\/a>\n\t\t\t<\/div>\n\t\t\t\n\t\t\t\t\t\t<div class=\"elementor-icon-box-content\">\n\n\t\t\t\t\t\t\t\t\t<h3 class=\"elementor-icon-box-title\">\n\t\t\t\t\t\t<a href=\"https:\/\/support.sensormedica.com\/portal\/en\/community\/sensor-medica\" >\n\t\t\t\t\t\t\tComunit\u00e0\t\t\t\t\t\t<\/a>\n\t\t\t\t\t<\/h3>\n\t\t\t\t\n\t\t\t\t\t\t\t\t\t<p class=\"elementor-icon-box-description\">\n\t\t\t\t\t\tChiedi alla nostra comunit\u00e0.\n\n\t\t\t\t\t<\/p>\n\t\t\t\t\n\t\t\t<\/div>\n\t\t\t\n\t\t<\/div>\n\t\t\t\t<\/div>\n\t\t\t\t<\/div>\n\t\t\t\t\t<\/div>\n\t\t<\/div>\n\t\t\t\t\t<\/div>\n\t\t<\/section>\n\t\t\t\t<section class=\"elementor-section elementor-top-section elementor-element elementor-element-b630110 elementor-hidden-laptop elementor-hidden-tablet elementor-hidden-mobile elementor-section-boxed elementor-section-height-default elementor-section-height-default\" data-id=\"b630110\" data-element_type=\"section\" data-settings=\"{&quot;background_background&quot;:&quot;classic&quot;}\">\n\t\t\t\t\t\t<div class=\"elementor-container elementor-column-gap-default\">\n\t\t\t\t\t<div class=\"elementor-column elementor-col-100 elementor-top-column elementor-element elementor-element-807c5cb\" data-id=\"807c5cb\" data-element_type=\"column\">\n\t\t\t<div class=\"elementor-widget-wrap elementor-element-populated\">\n\t\t\t\t\t\t<div class=\"elementor-element elementor-element-59037e2 elementor-widget__width-initial elementor-widget elementor-widget-qi_addons_for_elementor_animated_text\" data-id=\"59037e2\" data-element_type=\"widget\" data-widget_type=\"qi_addons_for_elementor_animated_text.default\">\n\t\t\t\t<div class=\"elementor-widget-container\">\n\t\t\t<div class=\"qodef-shortcode qodef-m  qodef-qi-animated-text qodef--animated-by-word qodef--alignment-center qodef-qi--has-appear qodef--appear-from-bottom\" >\n\t\t<h2 class=\"qodef-m-title translation-block\"><span class=\"qodef-e-word\">SERVIZIO<\/span> <span class=\"qodef-e-word\">POST<\/span> <span class=\"qodef-e-word\">VENDITA<\/span><\/h2>\n<\/div>\n\t\t<\/div>\n\t\t\t\t<\/div>\n\t\t\t\t<div class=\"elementor-element elementor-element-9f52bc0 elementor-widget elementor-widget-heading\" data-id=\"9f52bc0\" data-element_type=\"widget\" data-widget_type=\"heading.default\">\n\t\t\t\t<div class=\"elementor-widget-container\">\n\t\t\t<h2 class=\"elementor-heading-title elementor-size-default\">Servizi esclusivi riservati ai nostri clienti<\/h2>\t\t<\/div>\n\t\t\t\t<\/div>\n\t\t\t\t<div class=\"elementor-element elementor-element-fe74e31 elementor-widget elementor-widget-text-editor\" data-id=\"fe74e31\" data-element_type=\"widget\" data-widget_type=\"text-editor.default\">\n\t\t\t\t<div class=\"elementor-widget-container\">\n\t\t\t\t\t\t\t<p>I nostri prodotti sono realizzati con una qualit\u00e0 unica. Sensor Medica non esegue solo controlli di qualit\u00e0 alla fine del processo produttivo, ma esegue controlli rigorosi durante tutte le fasi di lavorazione. Solo grazie a questo approccio \u00e8 possibile ottenere un prodotto privo di difetti e che rappresenta il nostro pi\u00f9 grande valore. Attraverso questo costante impegno per la qualit\u00e0, siamo l'unica azienda che offre una garanzia di tre anni sui propri prodotti e allo stesso tempo un\u2019Assistenza al Cliente in tempo reale tramite telefono, chat ed e-mail.<\/p><p>Ogni cliente \u00e8 supportato dai nostri esperti sia nelle fasi di installazione che in quelle successive. Sensor Medica organizza sistematicamente corsi di formazione e aggiornamento presso la propria sede o presso strutture locali.<\/p><p>Sensor Medica \u00e8 presente in tutto il mondo con la sua rete di distribuzione. Sono oltre 60 i paesi dove puoi trovare i nostri prodotti e i nostri esperti a tua disposizione. Per contattare il nostro Servizio Clienti puoi inviare una mail a: <span style=\"color: #ff6600;\"><a style=\"color: #ff6600;\" href=\"mailto:helpdesk@sensormedica.com\">helpdesk@sensormedica.com<\/a><\/span><\/p>\t\t\t\t\t\t<\/div>\n\t\t\t\t<\/div>\n\t\t\t\t\t<\/div>\n\t\t<\/div>\n\t\t\t\t\t<\/div>\n\t\t<\/section>\n\t\t\t\t<section class=\"elementor-section elementor-top-section elementor-element elementor-element-0bd46fb elementor-hidden-widescreen elementor-hidden-desktop elementor-section-boxed elementor-section-height-default elementor-section-height-default\" data-id=\"0bd46fb\" data-element_type=\"section\" data-settings=\"{&quot;background_background&quot;:&quot;classic&quot;}\">\n\t\t\t\t\t\t<div class=\"elementor-container elementor-column-gap-default\">\n\t\t\t\t\t<div class=\"elementor-column elementor-col-100 elementor-top-column elementor-element elementor-element-6495c6e\" data-id=\"6495c6e\" data-element_type=\"column\">\n\t\t\t<div class=\"elementor-widget-wrap elementor-element-populated\">\n\t\t\t\t\t\t<div class=\"elementor-element elementor-element-657c561 elementor-widget-widescreen__width-initial elementor-widget elementor-widget-heading\" data-id=\"657c561\" data-element_type=\"widget\" data-widget_type=\"heading.default\">\n\t\t\t\t<div class=\"elementor-widget-container\">\n\t\t\t<h2 class=\"elementor-heading-title elementor-size-default\">Servizio post vendita<\/h2>\t\t<\/div>\n\t\t\t\t<\/div>\n\t\t\t\t<div class=\"elementor-element elementor-element-83d3af0 elementor-widget elementor-widget-heading\" data-id=\"83d3af0\" data-element_type=\"widget\" data-widget_type=\"heading.default\">\n\t\t\t\t<div class=\"elementor-widget-container\">\n\t\t\t<h2 class=\"elementor-heading-title elementor-size-default\">Servizi esclusivi riservati ai nostri clienti<\/h2>\t\t<\/div>\n\t\t\t\t<\/div>\n\t\t\t\t<div class=\"elementor-element elementor-element-32a091a elementor-widget elementor-widget-text-editor\" data-id=\"32a091a\" data-element_type=\"widget\" data-widget_type=\"text-editor.default\">\n\t\t\t\t<div class=\"elementor-widget-container\">\n\t\t\t\t\t\t\t<p>I nostri prodotti sono realizzati con una qualit\u00e0 unica. Sensor Medica non esegue solo controlli di qualit\u00e0 alla fine del processo produttivo, ma esegue controlli rigorosi durante tutte le fasi di lavorazione. Solo grazie a questo approccio \u00e8 possibile ottenere un prodotto privo di difetti e che rappresenta il nostro pi\u00f9 grande valore. Attraverso questo costante impegno per la qualit\u00e0, siamo l'unica azienda che offre una garanzia di tre anni sui propri prodotti e allo stesso tempo un\u2019Assistenza al Cliente in tempo reale tramite telefono, chat ed e-mail.<\/p><p>Ogni cliente \u00e8 supportato dai nostri esperti sia nelle fasi di installazione che in quelle successive. Sensor Medica organizza sistematicamente corsi di formazione e aggiornamento presso la propria sede o presso strutture locali.<\/p><p>Sensor Medica \u00e8 presente in tutto il mondo con la sua rete di distribuzione. Sono oltre 60 i paesi dove puoi trovare i nostri prodotti e i nostri esperti a tua disposizione. Per contattare il nostro Servizio Clienti puoi inviare una mail a: <span style=\"color: #ff6600;\"><a style=\"color: #ff6600;\" href=\"mailto:helpdesk@sensormedica.com\">helpdesk@sensormedica.com<\/a><\/span><\/p>\t\t\t\t\t\t<\/div>\n\t\t\t\t<\/div>\n\t\t\t\t\t<\/div>\n\t\t<\/div>\n\t\t\t\t\t<\/div>\n\t\t<\/section>\n\t\t\t\t<\/div>","protected":false},"excerpt":{"rendered":"<p>HELPDESK Ottieni assistenza per tutti i tuoi prodotti Sensor Medica in un unico posto o connettiti con un esperto. I nostri tecnici sono a disposizione per rispondere a qualsiasi domanda o dubbio tu possa avere sui nostri prodotti. Non esitate a contattarci tramite il nostro modulo di contatto uno dei canali disponibili di seguito. centro assistenza clienti\u2026<\/p>\n<p class=\"read-more\"> <a class=\"\" href=\"https:\/\/sensormedica.de\/it\/helpdesk\/\"> <span class=\"screen-reader-text\">Helpdesk<\/span> Leggi altro \u00bb<\/a><\/p>","protected":false},"author":1,"featured_media":0,"parent":0,"menu_order":0,"comment_status":"closed","ping_status":"closed","template":"","meta":{"site-sidebar-layout":"no-sidebar","site-content-layout":"page-builder","ast-site-content-layout":"full-width-container","site-content-style":"unboxed","site-sidebar-style":"unboxed","ast-global-header-display":"","ast-banner-title-visibility":"","ast-main-header-display":"","ast-hfb-above-header-display":"","ast-hfb-below-header-display":"","ast-hfb-mobile-header-display":"","site-post-title":"disabled","ast-breadcrumbs-content":"","ast-featured-img":"disabled","footer-sml-layout":"","theme-transparent-header-meta":"","adv-header-id-meta":"","stick-header-meta":"","header-above-stick-meta":"","header-main-stick-meta":"","header-below-stick-meta":"","astra-migrate-meta-layouts":"set","footnotes":""},"class_list":["post-145","page","type-page","status-publish","hentry"],"yoast_head":"<!-- This site is optimized with the Yoast SEO Premium plugin v21.6 (Yoast SEO v23.7) - https:\/\/yoast.com\/wordpress\/plugins\/seo\/ -->\n<title>Helpdesk - Sensor Medica<\/title>\n<meta name=\"description\" content=\"Get help for all your Sensor Medica products in one place. Our technicians are available to assist with any questions or concerns you have.\" \/>\n<meta name=\"robots\" content=\"index, follow, max-snippet:-1, max-image-preview:large, max-video-preview:-1\" \/>\n<link rel=\"canonical\" href=\"https:\/\/sensormedica.de\/it\/helpdesk\/\" \/>\n<meta property=\"og:locale\" content=\"it_IT\" \/>\n<meta property=\"og:type\" content=\"article\" \/>\n<meta property=\"og:title\" content=\"Helpdesk\" \/>\n<meta property=\"og:description\" content=\"Get help for all your Sensor Medica products in one place. Our technicians are available to assist with any questions or concerns you have.\" \/>\n<meta property=\"og:url\" content=\"https:\/\/sensormedica.de\/it\/helpdesk\/\" \/>\n<meta property=\"og:site_name\" content=\"Sensor Medica\" \/>\n<meta property=\"article:modified_time\" content=\"2024-01-04T08:51:14+00:00\" \/>\n<meta name=\"twitter:card\" content=\"summary_large_image\" \/>\n<meta name=\"twitter:label1\" content=\"Tempo di lettura stimato\" \/>\n\t<meta name=\"twitter:data1\" content=\"3 minuti\" \/>\n<script type=\"application\/ld+json\" class=\"yoast-schema-graph\">{\"@context\":\"https:\/\/schema.org\",\"@graph\":[{\"@type\":\"WebPage\",\"@id\":\"https:\/\/sensormedica.de\/helpdesk\/\",\"url\":\"https:\/\/sensormedica.de\/helpdesk\/\",\"name\":\"Helpdesk - Sensor Medica\",\"isPartOf\":{\"@id\":\"https:\/\/sensormedica.de\/#website\"},\"datePublished\":\"2023-02-16T17:17:27+00:00\",\"dateModified\":\"2024-01-04T08:51:14+00:00\",\"description\":\"Get help for all your Sensor Medica products in one place. Our technicians are available to assist with any questions or concerns you have.\",\"breadcrumb\":{\"@id\":\"https:\/\/sensormedica.de\/helpdesk\/#breadcrumb\"},\"inLanguage\":\"it-IT\",\"potentialAction\":[{\"@type\":\"ReadAction\",\"target\":[\"https:\/\/sensormedica.de\/helpdesk\/\"]}]},{\"@type\":\"BreadcrumbList\",\"@id\":\"https:\/\/sensormedica.de\/helpdesk\/#breadcrumb\",\"itemListElement\":[{\"@type\":\"ListItem\",\"position\":1,\"name\":\"Home\",\"item\":\"https:\/\/sensormedica.de\/\"},{\"@type\":\"ListItem\",\"position\":2,\"name\":\"Helpdesk\"}]},{\"@type\":\"WebSite\",\"@id\":\"https:\/\/sensormedica.de\/#website\",\"url\":\"https:\/\/sensormedica.de\/\",\"name\":\"Sensor Medica\",\"description\":\"Technology in Motion\",\"potentialAction\":[{\"@type\":\"SearchAction\",\"target\":{\"@type\":\"EntryPoint\",\"urlTemplate\":\"https:\/\/sensormedica.de\/?s={search_term_string}\"},\"query-input\":{\"@type\":\"PropertyValueSpecification\",\"valueRequired\":true,\"valueName\":\"search_term_string\"}}],\"inLanguage\":\"it-IT\"}]}<\/script>\n<!-- \/ Yoast SEO Premium plugin. -->","yoast_head_json":{"title":"Helpdesk - Sensor Medica","description":"Get help for all your Sensor Medica products in one place. Our technicians are available to assist with any questions or concerns you have.","robots":{"index":"index","follow":"follow","max-snippet":"max-snippet:-1","max-image-preview":"max-image-preview:large","max-video-preview":"max-video-preview:-1"},"canonical":"https:\/\/sensormedica.de\/it\/helpdesk\/","og_locale":"it_IT","og_type":"article","og_title":"Helpdesk","og_description":"Get help for all your Sensor Medica products in one place. Our technicians are available to assist with any questions or concerns you have.","og_url":"https:\/\/sensormedica.de\/it\/helpdesk\/","og_site_name":"Sensor Medica","article_modified_time":"2024-01-04T08:51:14+00:00","twitter_card":"summary_large_image","twitter_misc":{"Tempo di lettura stimato":"3 minuti"},"schema":{"@context":"https:\/\/schema.org","@graph":[{"@type":"WebPage","@id":"https:\/\/sensormedica.de\/helpdesk\/","url":"https:\/\/sensormedica.de\/helpdesk\/","name":"Helpdesk - Sensor Medica","isPartOf":{"@id":"https:\/\/sensormedica.de\/#website"},"datePublished":"2023-02-16T17:17:27+00:00","dateModified":"2024-01-04T08:51:14+00:00","description":"Get help for all your Sensor Medica products in one place. Our technicians are available to assist with any questions or concerns you have.","breadcrumb":{"@id":"https:\/\/sensormedica.de\/helpdesk\/#breadcrumb"},"inLanguage":"it-IT","potentialAction":[{"@type":"ReadAction","target":["https:\/\/sensormedica.de\/helpdesk\/"]}]},{"@type":"BreadcrumbList","@id":"https:\/\/sensormedica.de\/helpdesk\/#breadcrumb","itemListElement":[{"@type":"ListItem","position":1,"name":"Home","item":"https:\/\/sensormedica.de\/"},{"@type":"ListItem","position":2,"name":"Helpdesk"}]},{"@type":"WebSite","@id":"https:\/\/sensormedica.de\/#website","url":"https:\/\/sensormedica.de\/","name":"Sensor Medica","description":"Technology in Motion","potentialAction":[{"@type":"SearchAction","target":{"@type":"EntryPoint","urlTemplate":"https:\/\/sensormedica.de\/?s={search_term_string}"},"query-input":{"@type":"PropertyValueSpecification","valueRequired":true,"valueName":"search_term_string"}}],"inLanguage":"it-IT"}]}},"_links":{"self":[{"href":"https:\/\/sensormedica.de\/it\/wp-json\/wp\/v2\/pages\/145","targetHints":{"allow":["GET"]}}],"collection":[{"href":"https:\/\/sensormedica.de\/it\/wp-json\/wp\/v2\/pages"}],"about":[{"href":"https:\/\/sensormedica.de\/it\/wp-json\/wp\/v2\/types\/page"}],"author":[{"embeddable":true,"href":"https:\/\/sensormedica.de\/it\/wp-json\/wp\/v2\/users\/1"}],"replies":[{"embeddable":true,"href":"https:\/\/sensormedica.de\/it\/wp-json\/wp\/v2\/comments?post=145"}],"version-history":[{"count":12,"href":"https:\/\/sensormedica.de\/it\/wp-json\/wp\/v2\/pages\/145\/revisions"}],"predecessor-version":[{"id":10872,"href":"https:\/\/sensormedica.de\/it\/wp-json\/wp\/v2\/pages\/145\/revisions\/10872"}],"wp:attachment":[{"href":"https:\/\/sensormedica.de\/it\/wp-json\/wp\/v2\/media?parent=145"}],"curies":[{"name":"wp","href":"https:\/\/api.w.org\/{rel}","templated":true}]}}